{"id":96,"date":"2024-02-27T10:56:54","date_gmt":"2024-02-27T09:56:54","guid":{"rendered":"http:\/\/osmo.pl\/projekty\/?page_id=96"},"modified":"2024-02-27T12:00:04","modified_gmt":"2024-02-27T11:00:04","slug":"ekstrakty-zurawiny","status":"publish","type":"page","link":"http:\/\/osmo.pl\/projekty\/ekstrakty-zurawiny\/","title":{"rendered":"Ekstrakty \u017curawiny"},"content":{"rendered":"<style>.kb-row-layout-id96_80f6f0-cf > .kt-row-column-wrap{align-content:start;}:where(.kb-row-layout-id96_80f6f0-cf > .kt-row-column-wrap) > .wp-block-kadence-column{justify-content:start;}.kb-row-layout-id96_80f6f0-cf > .kt-row-column-wrap{column-gap:var(--global-kb-gap-md, 2rem);row-gap:var(--global-kb-gap-md, 2rem);padding-top:var(--global-kb-spacing-sm, 1.5rem);padding-bottom:var(--global-kb-spacing-sm, 1.5rem);grid-template-columns:minmax(0, 1fr);}.kb-row-layout-id96_80f6f0-cf > .kt-row-layout-overlay{opacity:0.30;}@media all and (max-width: 1024px){.kb-row-layout-id96_80f6f0-cf > .kt-row-column-wrap{grid-template-columns:minmax(0, 1fr);}}@media all and (max-width: 767px){.kb-row-layout-id96_80f6f0-cf > .kt-row-column-wrap{grid-template-columns:minmax(0, 1fr);}}<\/style><div class=\"kb-row-layout-wrap kb-row-layout-id96_80f6f0-cf alignnone wp-block-kadence-rowlayout\"><div class=\"kt-row-column-wrap kt-has-1-columns kt-row-layout-equal kt-tab-layout-inherit kt-mobile-layout-row kt-row-valign-top\">\n<style>.kadence-column96_0b1d63-9d > .kt-inside-inner-col,.kadence-column96_0b1d63-9d > .kt-inside-inner-col:before{border-top-left-radius:0px;border-top-right-radius:0px;border-bottom-right-radius:0px;border-bottom-left-radius:0px;}.kadence-column96_0b1d63-9d > .kt-inside-inner-col{column-gap:var(--global-kb-gap-sm, 1rem);}.kadence-column96_0b1d63-9d > .kt-inside-inner-col{flex-direction:column;}.kadence-column96_0b1d63-9d > .kt-inside-inner-col > .aligncenter{width:100%;}.kadence-column96_0b1d63-9d > .kt-inside-inner-col:before{opacity:0.3;}.kadence-column96_0b1d63-9d{position:relative;}@media all and (max-width: 1024px){.kadence-column96_0b1d63-9d > .kt-inside-inner-col{flex-direction:column;}}@media all and (max-width: 767px){.kadence-column96_0b1d63-9d > .kt-inside-inner-col{flex-direction:column;}}<\/style>\n<div class=\"wp-block-kadence-column kadence-column96_0b1d63-9d\"><div class=\"kt-inside-inner-col\"><style>.kb-image96_c78f65-b2 .kb-image-has-overlay:after{opacity:0.3;}<\/style>\n<div class=\"wp-block-kadence-image kb-image96_c78f65-b2\"><figure class=\"aligncenter size-large\"><img loading=\"lazy\" decoding=\"async\" width=\"1024\" height=\"112\" src=\"http:\/\/osmo.pl\/projekty\/wp-content\/uploads\/2024\/02\/fundusze-europejskie-baner-informacyjny-1024x112.jpg\" alt=\"fundusze europejskie baner informacyjny\" class=\"kb-img wp-image-76\" srcset=\"http:\/\/osmo.pl\/projekty\/wp-content\/uploads\/2024\/02\/fundusze-europejskie-baner-informacyjny-1024x112.jpg 1024w, http:\/\/osmo.pl\/projekty\/wp-content\/uploads\/2024\/02\/fundusze-europejskie-baner-informacyjny-300x33.jpg 300w, http:\/\/osmo.pl\/projekty\/wp-content\/uploads\/2024\/02\/fundusze-europejskie-baner-informacyjny-768x84.jpg 768w, http:\/\/osmo.pl\/projekty\/wp-content\/uploads\/2024\/02\/fundusze-europejskie-baner-informacyjny-1536x167.jpg 1536w, http:\/\/osmo.pl\/projekty\/wp-content\/uploads\/2024\/02\/fundusze-europejskie-baner-informacyjny.jpg 2048w\" sizes=\"(max-width: 1024px) 100vw, 1024px\" \/><\/figure><\/div>\n<\/div><\/div>\n\n<\/div><\/div>\n\n<style>.kb-row-layout-id96_9ba55a-2c > .kt-row-column-wrap{align-content:start;}:where(.kb-row-layout-id96_9ba55a-2c > .kt-row-column-wrap) > .wp-block-kadence-column{justify-content:start;}.kb-row-layout-id96_9ba55a-2c > .kt-row-column-wrap{column-gap:var(--global-kb-gap-md, 2rem);row-gap:var(--global-kb-gap-md, 2rem);max-width:800px;margin-left:auto;margin-right:auto;padding-top:var(--global-kb-spacing-5xl, 10rem);padding-bottom:var(--global-kb-spacing-5xl, 10rem);grid-template-columns:minmax(0, 1fr);}.kb-row-layout-id96_9ba55a-2c{background-image:url('http:\/\/osmo.pl\/projekty\/wp-content\/uploads\/2024\/02\/Projekt-Ekstrakty-Zurawiny.jpg');background-size:cover;background-position:6% 5%;background-attachment:scroll;background-repeat:no-repeat;}.kb-row-layout-id96_9ba55a-2c > .kt-row-layout-overlay{opacity:0.30;}@media all and (max-width: 1024px){.kb-row-layout-id96_9ba55a-2c > .kt-row-column-wrap{grid-template-columns:minmax(0, 1fr);}}@media all and (max-width: 767px){.kb-row-layout-id96_9ba55a-2c > .kt-row-column-wrap{grid-template-columns:minmax(0, 1fr);}}<\/style><div class=\"kb-row-layout-wrap kb-row-layout-id96_9ba55a-2c alignnone kt-row-has-bg wp-block-kadence-rowlayout\"><div class=\"kt-row-column-wrap kt-has-1-columns kt-row-layout-equal kt-tab-layout-inherit kt-mobile-layout-row kt-row-valign-top\">\n<style>.kadence-column96_6bd64b-86 > .kt-inside-inner-col{display:flex;}.kadence-column96_6bd64b-86 > .kt-inside-inner-col{padding-top:var(--global-kb-spacing-lg, 3rem);padding-right:var(--global-kb-spacing-sm, 1.5rem);padding-bottom:var(--global-kb-spacing-lg, 3rem);padding-left:var(--global-kb-spacing-sm, 1.5rem);}.kadence-column96_6bd64b-86 > .kt-inside-inner-col{border-top:0px solid #ff9700;border-right:0px solid #ff9700;border-bottom:0px solid #ff9700;border-left:0px solid #ff9700;}.kadence-column96_6bd64b-86 > .kt-inside-inner-col,.kadence-column96_6bd64b-86 > .kt-inside-inner-col:before{border-top-left-radius:40px;border-top-right-radius:40px;border-bottom-right-radius:40px;border-bottom-left-radius:40px;}.kadence-column96_6bd64b-86 > .kt-inside-inner-col{column-gap:var(--global-kb-gap-sm, 1rem);}.kadence-column96_6bd64b-86 > .kt-inside-inner-col{flex-direction:row;flex-wrap:wrap;align-items:center;justify-content:center;}.kadence-column96_6bd64b-86 > .kt-inside-inner-col > *, .kadence-column96_6bd64b-86 > .kt-inside-inner-col > figure.wp-block-image, .kadence-column96_6bd64b-86 > .kt-inside-inner-col > figure.wp-block-kadence-image{margin-top:0px;margin-bottom:0px;}.kadence-column96_6bd64b-86 > .kt-inside-inner-col > .kb-image-is-ratio-size{flex-grow:1;}.kt-row-column-wrap > .kadence-column96_6bd64b-86{align-self:center;}.kt-inner-column-height-full:not(.kt-has-1-columns) > .wp-block-kadence-column.kadence-column96_6bd64b-86{align-self:auto;}.kt-inner-column-height-full:not(.kt-has-1-columns) > .wp-block-kadence-column.kadence-column96_6bd64b-86 > .kt-inside-inner-col{align-items:center;}.kadence-column96_6bd64b-86 > .kt-inside-inner-col:before{opacity:0.3;}.kadence-column96_6bd64b-86{position:relative;}@media all and (max-width: 1024px){.kadence-column96_6bd64b-86 > .kt-inside-inner-col{border-top:0px solid #ff9700;border-right:0px solid #ff9700;border-bottom:0px solid #ff9700;border-left:0px solid #ff9700;flex-direction:row;flex-wrap:wrap;align-items:center;justify-content:center;}}@media all and (min-width: 768px) and (max-width: 1024px){.kadence-column96_6bd64b-86 > .kt-inside-inner-col > *, .kadence-column96_6bd64b-86 > .kt-inside-inner-col > figure.wp-block-image, .kadence-column96_6bd64b-86 > .kt-inside-inner-col > figure.wp-block-kadence-image{margin-top:0px;margin-bottom:0px;}.kadence-column96_6bd64b-86 > .kt-inside-inner-col > .kb-image-is-ratio-size{flex-grow:1;}}@media all and (max-width: 767px){.kadence-column96_6bd64b-86 > .kt-inside-inner-col{border-top:0px solid #ff9700;border-right:0px solid #ff9700;border-bottom:0px solid #ff9700;border-left:0px solid #ff9700;flex-direction:row;flex-wrap:wrap;justify-content:center;}.kadence-column96_6bd64b-86 > .kt-inside-inner-col > *, .kadence-column96_6bd64b-86 > .kt-inside-inner-col > figure.wp-block-image, .kadence-column96_6bd64b-86 > .kt-inside-inner-col > figure.wp-block-kadence-image{margin-top:0px;margin-bottom:0px;}.kadence-column96_6bd64b-86 > .kt-inside-inner-col > .kb-image-is-ratio-size{flex-grow:1;}}<\/style>\n<div class=\"wp-block-kadence-column kadence-column96_6bd64b-86 kb-section-dir-horizontal\"><div class=\"kt-inside-inner-col\"><\/div><\/div>\n\n<\/div><\/div>\n\n<style>.kb-row-layout-id96_4d7f9a-47 > .kt-row-column-wrap{align-content:start;}:where(.kb-row-layout-id96_4d7f9a-47 > .kt-row-column-wrap) > .wp-block-kadence-column{justify-content:start;}.kb-row-layout-id96_4d7f9a-47 > .kt-row-column-wrap{column-gap:var(--global-kb-gap-md, 2rem);row-gap:var(--global-kb-gap-md, 2rem);max-width:1000px;margin-left:auto;margin-right:auto;padding-top:var(--global-kb-spacing-xxl, 5rem);padding-bottom:var(--global-kb-spacing-xxl, 5rem);grid-template-columns:minmax(0, 1fr);}.kb-row-layout-id96_4d7f9a-47 > .kt-row-layout-overlay{opacity:0.30;}@media all and (max-width: 1024px){.kb-row-layout-id96_4d7f9a-47 > .kt-row-column-wrap{grid-template-columns:minmax(0, 1fr);}}@media all and (max-width: 767px){.kb-row-layout-id96_4d7f9a-47 > .kt-row-column-wrap{grid-template-columns:minmax(0, 1fr);}}<\/style><div class=\"kb-row-layout-wrap kb-row-layout-id96_4d7f9a-47 alignnone has-theme-palette7-background-color kt-row-has-bg wp-block-kadence-rowlayout\"><div class=\"kt-row-column-wrap kt-has-1-columns kt-row-layout-equal kt-tab-layout-inherit kt-mobile-layout-row kt-row-valign-top\">\n<style>.kadence-column96_0f3dae-0b > .kt-inside-inner-col,.kadence-column96_0f3dae-0b > .kt-inside-inner-col:before{border-top-left-radius:0px;border-top-right-radius:0px;border-bottom-right-radius:0px;border-bottom-left-radius:0px;}.kadence-column96_0f3dae-0b > .kt-inside-inner-col{column-gap:var(--global-kb-gap-sm, 1rem);}.kadence-column96_0f3dae-0b > .kt-inside-inner-col{flex-direction:column;}.kadence-column96_0f3dae-0b > .kt-inside-inner-col > .aligncenter{width:100%;}.kadence-column96_0f3dae-0b > .kt-inside-inner-col:before{opacity:0.3;}.kadence-column96_0f3dae-0b{position:relative;}@media all and (max-width: 1024px){.kadence-column96_0f3dae-0b > .kt-inside-inner-col{flex-direction:column;}}@media all and (max-width: 767px){.kadence-column96_0f3dae-0b > .kt-inside-inner-col{flex-direction:column;}}<\/style>\n<div class=\"wp-block-kadence-column kadence-column96_0f3dae-0b\"><div class=\"kt-inside-inner-col\"><style>.wp-block-kadence-advancedheading.kt-adv-heading96_a5dfbc-17, .wp-block-kadence-advancedheading.kt-adv-heading96_a5dfbc-17[data-kb-block=\"kb-adv-heading96_a5dfbc-17\"]{text-align:center;font-size:var(--global-kb-font-size-xl, 3rem);font-style:normal;text-transform:uppercase;letter-spacing:1.99px;}.wp-block-kadence-advancedheading.kt-adv-heading96_a5dfbc-17 mark, .wp-block-kadence-advancedheading.kt-adv-heading96_a5dfbc-17[data-kb-block=\"kb-adv-heading96_a5dfbc-17\"] mark{font-style:normal;color:#f76a0c;padding-top:0px;padding-right:0px;padding-bottom:0px;padding-left:0px;}<\/style>\n<h1 class=\"kt-adv-heading96_a5dfbc-17 wp-block-kadence-advancedheading\" data-kb-block=\"kb-adv-heading96_a5dfbc-17\">Ekstrakty \u017curawiny<\/h1>\n\n\n<style>.wp-block-kadence-iconlist.kt-svg-icon-list-items96_93f5b0-dd:not(.this-stops-third-party-issues){margin-top:0px;margin-bottom:0px;}.wp-block-kadence-iconlist.kt-svg-icon-list-items96_93f5b0-dd ul.kt-svg-icon-list:not(.this-prevents-issues):not(.this-stops-third-party-issues):not(.tijsloc){margin-top:0px;margin-right:0px;margin-bottom:var(--global-kb-spacing-sm, 1.5rem);margin-left:0px;column-gap:50px;}.wp-block-kadence-iconlist.kt-svg-icon-list-items96_93f5b0-dd ul.kt-svg-icon-list{grid-row-gap:30px;}.wp-block-kadence-iconlist.kt-svg-icon-list-items96_93f5b0-dd ul.kt-svg-icon-list .kt-svg-icon-list-item-wrap .kt-svg-icon-list-single{margin-right:10px;}.kt-svg-icon-list-items96_93f5b0-dd ul.kt-svg-icon-list .kt-svg-icon-list-level-0 .kt-svg-icon-list-single svg{font-size:20px;}@media all and (min-width: 1025px){.wp-block-kadence-iconlist.kt-svg-icon-list-items96_93f5b0-dd:not(.kt-svg-icon-list-columns-1) ul.kt-svg-icon-list .kt-svg-icon-list-item-wrap:not(:last-child){margin:0px;}}@media all and (max-width: 1024px){.wp-block-kadence-iconlist.kt-svg-icon-list-items96_93f5b0-dd ul.kt-svg-icon-list{grid-row-gap:30px;}}@media all and (min-width: 768px) and (max-width: 1024px){.wp-block-kadence-iconlist.kt-svg-icon-list-items96_93f5b0-dd:not(.kt-tablet-svg-icon-list-columns-1) ul.kt-svg-icon-list .kt-svg-icon-list-item-wrap:not(:last-child){margin:0px;}}@media all and (max-width: 767px){.wp-block-kadence-iconlist.kt-svg-icon-list-items96_93f5b0-dd ul.kt-svg-icon-list{grid-row-gap:30px;}.wp-block-kadence-iconlist.kt-svg-icon-list-items96_93f5b0-dd:not(.kt-mobile-svg-icon-list-columns-1) ul.kt-svg-icon-list .kt-svg-icon-list-item-wrap:not(:last-child){margin:0px;}}<\/style>\n<div class=\"wp-block-kadence-iconlist kt-svg-icon-list-items kt-svg-icon-list-items96_93f5b0-dd kt-svg-icon-list-columns-2 alignnone kt-list-icon-aligntop\"><ul class=\"kt-svg-icon-list\">\n<li class=\"wp-block-kadence-listitem kt-svg-icon-list-item-wrap kt-svg-icon-list-item-96_5cac53-35\"><span class=\"kb-svg-icon-wrap kb-svg-icon-fe_checkCircle kt-svg-icon-list-single\"><svg viewBox=\"0 0 24 24\"  fill=\"none\" stroke=\"currentColor\" stroke-width=\"2\" stroke-linecap=\"round\" stroke-linejoin=\"round\" xmlns=\"http:\/\/www.w3.org\/2000\/svg\"  aria-hidden=\"true\"><path d=\"M22 11.08V12a10 10 0 1 1-5.93-9.14\"\/><polyline points=\"22 4 12 14.01 9 11.01\"\/><\/svg><\/span><span class=\"kt-svg-icon-list-text\"><strong>Zapobieganie infekcjom dr\u00f3g moczowych (ZUM): <\/strong>\u017burawina jest szeroko znana ze swoich w\u0142a\u015bciwo\u015bci zapobiegaj\u0105cych infekcjom dr\u00f3g moczowych. Zawiera substancje zwanie proantocyjanidynami (PAC), kt\u00f3re mog\u0105 zapobiega\u0107 przy\u0142\u0105czaniu si\u0119 bakterii E. coli do \u015bcianek dr\u00f3g moczowych, co zmniejsza ryzyko infekcji.<\/span><\/li>\n\n\n\n<li class=\"wp-block-kadence-listitem kt-svg-icon-list-item-wrap kt-svg-icon-list-item-96_1a575d-f7\"><span class=\"kb-svg-icon-wrap kb-svg-icon-fe_checkCircle kt-svg-icon-list-single\"><svg viewBox=\"0 0 24 24\"  fill=\"none\" stroke=\"currentColor\" stroke-width=\"2\" stroke-linecap=\"round\" stroke-linejoin=\"round\" xmlns=\"http:\/\/www.w3.org\/2000\/svg\"  aria-hidden=\"true\"><path d=\"M22 11.08V12a10 10 0 1 1-5.93-9.14\"\/><polyline points=\"22 4 12 14.01 9 11.01\"\/><\/svg><\/span><span class=\"kt-svg-icon-list-text\"><strong>Wsparcie uk\u0142adu odporno\u015bciowego: <\/strong>\u017burawina jest bogatym \u017ar\u00f3d\u0142em witaminy C, kt\u00f3ra jest wa\u017cna dla prawid\u0142owego funkcjonowania uk\u0142adu odporno\u015bciowego. Spo\u017cywanie \u017curawiny mo\u017ce pom\u00f3c w wzmocnieniu odporno\u015bci organizmu na infekcje.<\/span><\/li>\n\n\n\n<li class=\"wp-block-kadence-listitem kt-svg-icon-list-item-wrap kt-svg-icon-list-item-96_ad2d19-59\"><span class=\"kb-svg-icon-wrap kb-svg-icon-fe_checkCircle kt-svg-icon-list-single\"><svg viewBox=\"0 0 24 24\"  fill=\"none\" stroke=\"currentColor\" stroke-width=\"2\" stroke-linecap=\"round\" stroke-linejoin=\"round\" xmlns=\"http:\/\/www.w3.org\/2000\/svg\"  aria-hidden=\"true\"><path d=\"M22 11.08V12a10 10 0 1 1-5.93-9.14\"\/><polyline points=\"22 4 12 14.01 9 11.01\"\/><\/svg><\/span><span class=\"kt-svg-icon-list-text\"><strong>Zdrowie jamy ustnej: <\/strong>Substancje zawarte w \u017curawinie mog\u0105 r\u00f3wnie\u017c przeciwdzia\u0142a\u0107 rozwojowi bakterii odpowiedzialnych za pr\u00f3chnic\u0119 i zapalenie dzi\u0105se\u0142, co przyczynia si\u0119 do zdrowia jamy ustnej.<\/span><\/li>\n\n\n\n<li class=\"wp-block-kadence-listitem kt-svg-icon-list-item-wrap kt-svg-icon-list-item-96_50f4bc-1b\"><span class=\"kb-svg-icon-wrap kb-svg-icon-fe_checkCircle kt-svg-icon-list-single\"><svg viewBox=\"0 0 24 24\"  fill=\"none\" stroke=\"currentColor\" stroke-width=\"2\" stroke-linecap=\"round\" stroke-linejoin=\"round\" xmlns=\"http:\/\/www.w3.org\/2000\/svg\"  aria-hidden=\"true\"><path d=\"M22 11.08V12a10 10 0 1 1-5.93-9.14\"\/><polyline points=\"22 4 12 14.01 9 11.01\"\/><\/svg><\/span><span class=\"kt-svg-icon-list-text\"><strong>Przeciwdzia\u0142anie infekcjom uk\u0142adu pokarmowego: <\/strong>Niekt\u00f3re badania sugeruj\u0105, \u017ce \u017curawina mo\u017ce r\u00f3wnie\u017c pomaga\u0107 w zapobieganiu infekcjom uk\u0142adu pokarmowego, takim jak Helicobacter pylori, bakteria odpowiedzialna za wrzody \u017co\u0142\u0105dka i inne problemy jelitowe.<\/span><\/li>\n\n\n\n<li class=\"wp-block-kadence-listitem kt-svg-icon-list-item-wrap kt-svg-icon-list-item-96_ba43d9-2f\"><span class=\"kb-svg-icon-wrap kb-svg-icon-fe_checkCircle kt-svg-icon-list-single\"><svg viewBox=\"0 0 24 24\"  fill=\"none\" stroke=\"currentColor\" stroke-width=\"2\" stroke-linecap=\"round\" stroke-linejoin=\"round\" xmlns=\"http:\/\/www.w3.org\/2000\/svg\"  aria-hidden=\"true\"><path d=\"M22 11.08V12a10 10 0 1 1-5.93-9.14\"\/><polyline points=\"22 4 12 14.01 9 11.01\"\/><\/svg><\/span><span class=\"kt-svg-icon-list-text\"><strong>Antyoksydacyjne w\u0142a\u015bciwo\u015bci: <\/strong>\u017burawina zawiera antyoksydanty, kt\u00f3re pomagaj\u0105 w ochronie kom\u00f3rek przed uszkodzeniem spowodowanym dzia\u0142aniem wolnych rodnik\u00f3w, co mo\u017ce pom\u00f3c w zapobieganiu chorobom przewlek\u0142ym, takim jak choroby serca czy nowotwory.<\/span><\/li>\n\n\n\n<li class=\"wp-block-kadence-listitem kt-svg-icon-list-item-wrap kt-svg-icon-list-item-96_a6722b-6d\"><span class=\"kb-svg-icon-wrap kb-svg-icon-fe_checkCircle kt-svg-icon-list-single\"><svg viewBox=\"0 0 24 24\"  fill=\"none\" stroke=\"currentColor\" stroke-width=\"2\" stroke-linecap=\"round\" stroke-linejoin=\"round\" xmlns=\"http:\/\/www.w3.org\/2000\/svg\"  aria-hidden=\"true\"><path d=\"M22 11.08V12a10 10 0 1 1-5.93-9.14\"\/><polyline points=\"22 4 12 14.01 9 11.01\"\/><\/svg><\/span><span class=\"kt-svg-icon-list-text\"><strong>Zdrowa sk\u00f3ra: <\/strong>Dzi\u0119ki swoim w\u0142a\u015bciwo\u015bciom antyoksydacyjnym i przeciwzapalnym, \u017curawina mo\u017ce r\u00f3wnie\u017c przyczyni\u0107 si\u0119 do zdrowia sk\u00f3ry, wspomagaj\u0105c procesy regeneracji i zapobiegaj\u0105c przedwczesnemu starzeniu si\u0119 sk\u00f3ry.<\/span><\/li>\n<\/ul><\/div>\n\n\n<style>.wp-block-kadence-advancedheading.kt-adv-heading96_704902-17, .wp-block-kadence-advancedheading.kt-adv-heading96_704902-17[data-kb-block=\"kb-adv-heading96_704902-17\"]{text-align:center;font-style:normal;}.wp-block-kadence-advancedheading.kt-adv-heading96_704902-17 mark, .wp-block-kadence-advancedheading.kt-adv-heading96_704902-17[data-kb-block=\"kb-adv-heading96_704902-17\"] mark{font-style:normal;color:#f76a0c;padding-top:0px;padding-right:0px;padding-bottom:0px;padding-left:0px;}<\/style>\n<p class=\"kt-adv-heading96_704902-17 wp-block-kadence-advancedheading\" data-kb-block=\"kb-adv-heading96_704902-17\"><strong>Ekstrakt \u017curawiny nie zawiera cukru I jest dedykowany dla os\u00f3b choruj\u0105cych na cukrzyc\u0119<\/strong><\/p>\n<\/div><\/div>\n\n<\/div><\/div>\n\n<style>.kb-row-layout-id96_af7691-ad > .kt-row-column-wrap{align-content:start;}:where(.kb-row-layout-id96_af7691-ad > .kt-row-column-wrap) > .wp-block-kadence-column{justify-content:start;}.kb-row-layout-id96_af7691-ad > .kt-row-column-wrap{column-gap:var(--global-kb-gap-md, 2rem);row-gap:var(--global-kb-gap-md, 2rem);max-width:800px;margin-left:auto;margin-right:auto;padding-top:var(--global-kb-spacing-5xl, 10rem);padding-bottom:var(--global-kb-spacing-5xl, 10rem);grid-template-columns:minmax(0, 1fr);}.kb-row-layout-id96_af7691-ad{background-image:url('http:\/\/osmo.pl\/projekty\/wp-content\/uploads\/2024\/02\/Projekt-Ekstrakty-Zurawiny.jpg');background-size:cover;background-position:87% 95%;background-attachment:scroll;background-repeat:no-repeat;}.kb-row-layout-id96_af7691-ad > .kt-row-layout-overlay{opacity:0.30;}@media all and (max-width: 1024px){.kb-row-layout-id96_af7691-ad > .kt-row-column-wrap{grid-template-columns:minmax(0, 1fr);}}@media all and (max-width: 767px){.kb-row-layout-id96_af7691-ad > .kt-row-column-wrap{grid-template-columns:minmax(0, 1fr);}}<\/style><div class=\"kb-row-layout-wrap kb-row-layout-id96_af7691-ad alignnone kt-row-has-bg wp-block-kadence-rowlayout\"><div class=\"kt-row-column-wrap kt-has-1-columns kt-row-layout-equal kt-tab-layout-inherit kt-mobile-layout-row kt-row-valign-top\">\n<style>.kadence-column96_c78a95-13 > .kt-inside-inner-col{display:flex;}.kadence-column96_c78a95-13 > .kt-inside-inner-col{padding-top:var(--global-kb-spacing-lg, 3rem);padding-right:var(--global-kb-spacing-sm, 1.5rem);padding-bottom:var(--global-kb-spacing-lg, 3rem);padding-left:var(--global-kb-spacing-sm, 1.5rem);}.kadence-column96_c78a95-13 > .kt-inside-inner-col{border-top:0px solid #ff9700;border-right:0px solid #ff9700;border-bottom:0px solid #ff9700;border-left:0px solid #ff9700;}.kadence-column96_c78a95-13 > .kt-inside-inner-col,.kadence-column96_c78a95-13 > .kt-inside-inner-col:before{border-top-left-radius:40px;border-top-right-radius:40px;border-bottom-right-radius:40px;border-bottom-left-radius:40px;}.kadence-column96_c78a95-13 > .kt-inside-inner-col{column-gap:var(--global-kb-gap-sm, 1rem);}.kadence-column96_c78a95-13 > .kt-inside-inner-col{flex-direction:row;flex-wrap:wrap;align-items:center;justify-content:center;}.kadence-column96_c78a95-13 > .kt-inside-inner-col > *, .kadence-column96_c78a95-13 > .kt-inside-inner-col > figure.wp-block-image, .kadence-column96_c78a95-13 > .kt-inside-inner-col > figure.wp-block-kadence-image{margin-top:0px;margin-bottom:0px;}.kadence-column96_c78a95-13 > .kt-inside-inner-col > .kb-image-is-ratio-size{flex-grow:1;}.kt-row-column-wrap > .kadence-column96_c78a95-13{align-self:center;}.kt-inner-column-height-full:not(.kt-has-1-columns) > .wp-block-kadence-column.kadence-column96_c78a95-13{align-self:auto;}.kt-inner-column-height-full:not(.kt-has-1-columns) > .wp-block-kadence-column.kadence-column96_c78a95-13 > .kt-inside-inner-col{align-items:center;}.kadence-column96_c78a95-13 > .kt-inside-inner-col:before{opacity:0.3;}.kadence-column96_c78a95-13{position:relative;}@media all and (max-width: 1024px){.kadence-column96_c78a95-13 > .kt-inside-inner-col{border-top:0px solid #ff9700;border-right:0px solid #ff9700;border-bottom:0px solid #ff9700;border-left:0px solid #ff9700;flex-direction:row;flex-wrap:wrap;align-items:center;justify-content:center;}}@media all and (min-width: 768px) and (max-width: 1024px){.kadence-column96_c78a95-13 > .kt-inside-inner-col > *, .kadence-column96_c78a95-13 > .kt-inside-inner-col > figure.wp-block-image, .kadence-column96_c78a95-13 > .kt-inside-inner-col > figure.wp-block-kadence-image{margin-top:0px;margin-bottom:0px;}.kadence-column96_c78a95-13 > .kt-inside-inner-col > .kb-image-is-ratio-size{flex-grow:1;}}@media all and (max-width: 767px){.kadence-column96_c78a95-13 > .kt-inside-inner-col{border-top:0px solid #ff9700;border-right:0px solid #ff9700;border-bottom:0px solid #ff9700;border-left:0px solid #ff9700;flex-direction:row;flex-wrap:wrap;justify-content:center;}.kadence-column96_c78a95-13 > .kt-inside-inner-col > *, .kadence-column96_c78a95-13 > .kt-inside-inner-col > figure.wp-block-image, .kadence-column96_c78a95-13 > .kt-inside-inner-col > figure.wp-block-kadence-image{margin-top:0px;margin-bottom:0px;}.kadence-column96_c78a95-13 > .kt-inside-inner-col > .kb-image-is-ratio-size{flex-grow:1;}}<\/style>\n<div class=\"wp-block-kadence-column kadence-column96_c78a95-13 kb-section-dir-horizontal\"><div class=\"kt-inside-inner-col\"><\/div><\/div>\n\n<\/div><\/div>\n\n<style>.kb-row-layout-id96_aff745-fb > .kt-row-column-wrap{align-content:start;}:where(.kb-row-layout-id96_aff745-fb > .kt-row-column-wrap) > .wp-block-kadence-column{justify-content:start;}.kb-row-layout-id96_aff745-fb > .kt-row-column-wrap{column-gap:var(--global-kb-gap-md, 2rem);row-gap:var(--global-kb-gap-md, 2rem);padding-top:var(--global-kb-spacing-sm, 1.5rem);padding-bottom:var(--global-kb-spacing-sm, 1.5rem);grid-template-columns:minmax(0, 1fr);}.kb-row-layout-id96_aff745-fb > .kt-row-layout-overlay{opacity:0.30;}@media all and (max-width: 1024px){.kb-row-layout-id96_aff745-fb > .kt-row-column-wrap{grid-template-columns:minmax(0, 1fr);}}@media all and (max-width: 767px){.kb-row-layout-id96_aff745-fb > .kt-row-column-wrap{grid-template-columns:minmax(0, 1fr);}}<\/style><div class=\"kb-row-layout-wrap kb-row-layout-id96_aff745-fb alignnone wp-block-kadence-rowlayout\"><div class=\"kt-row-column-wrap kt-has-1-columns kt-row-layout-equal kt-tab-layout-inherit kt-mobile-layout-row kt-row-valign-top\">\n<style>.kadence-column96_b49848-b8 > .kt-inside-inner-col,.kadence-column96_b49848-b8 > .kt-inside-inner-col:before{border-top-left-radius:0px;border-top-right-radius:0px;border-bottom-right-radius:0px;border-bottom-left-radius:0px;}.kadence-column96_b49848-b8 > .kt-inside-inner-col{column-gap:var(--global-kb-gap-sm, 1rem);}.kadence-column96_b49848-b8 > .kt-inside-inner-col{flex-direction:column;}.kadence-column96_b49848-b8 > .kt-inside-inner-col > .aligncenter{width:100%;}.kadence-column96_b49848-b8 > .kt-inside-inner-col:before{opacity:0.3;}.kadence-column96_b49848-b8{position:relative;}@media all and (max-width: 1024px){.kadence-column96_b49848-b8 > .kt-inside-inner-col{flex-direction:column;}}@media all and (max-width: 767px){.kadence-column96_b49848-b8 > .kt-inside-inner-col{flex-direction:column;}}<\/style>\n<div class=\"wp-block-kadence-column kadence-column96_b49848-b8\"><div class=\"kt-inside-inner-col\"><style>.kb-image96_8f3a31-8b .kb-image-has-overlay:after{opacity:0.3;}<\/style>\n<div class=\"wp-block-kadence-image kb-image96_8f3a31-8b\"><figure class=\"aligncenter size-large\"><img loading=\"lazy\" decoding=\"async\" width=\"1024\" height=\"112\" src=\"http:\/\/osmo.pl\/projekty\/wp-content\/uploads\/2024\/02\/fundusze-europejskie-baner-informacyjny-1024x112.jpg\" alt=\"fundusze europejskie baner informacyjny\" class=\"kb-img wp-image-76\" srcset=\"http:\/\/osmo.pl\/projekty\/wp-content\/uploads\/2024\/02\/fundusze-europejskie-baner-informacyjny-1024x112.jpg 1024w, http:\/\/osmo.pl\/projekty\/wp-content\/uploads\/2024\/02\/fundusze-europejskie-baner-informacyjny-300x33.jpg 300w, http:\/\/osmo.pl\/projekty\/wp-content\/uploads\/2024\/02\/fundusze-europejskie-baner-informacyjny-768x84.jpg 768w, http:\/\/osmo.pl\/projekty\/wp-content\/uploads\/2024\/02\/fundusze-europejskie-baner-informacyjny-1536x167.jpg 1536w, http:\/\/osmo.pl\/projekty\/wp-content\/uploads\/2024\/02\/fundusze-europejskie-baner-informacyjny.jpg 2048w\" sizes=\"(max-width: 1024px) 100vw, 1024px\" \/><\/figure><\/div>\n<\/div><\/div>\n\n<\/div><\/div>","protected":false},"excerpt":{"rendered":"<p>Ekstrakty \u017curawiny Ekstrakt \u017curawiny nie zawiera cukru I jest dedykowany dla os\u00f3b choruj\u0105cych na cukrzyc\u0119<\/p>\n","protected":false},"author":1,"featured_media":0,"parent":0,"menu_order":0,"comment_status":"closed","ping_status":"closed","template":"","meta":{"_kadence_starter_templates_imported_post":false,"_kad_post_transparent":"","_kad_post_title":"hide","_kad_post_layout":"fullwidth","_kad_post_sidebar_id":"","_kad_post_content_style":"unboxed","_kad_post_vertical_padding":"hide","_kad_post_feature":"hide","_kad_post_feature_position":"","_kad_post_header":false,"_kad_post_footer":true,"footnotes":""},"_links":{"self":[{"href":"http:\/\/osmo.pl\/projekty\/wp-json\/wp\/v2\/pages\/96"}],"collection":[{"href":"http:\/\/osmo.pl\/projekty\/wp-json\/wp\/v2\/pages"}],"about":[{"href":"http:\/\/osmo.pl\/projekty\/wp-json\/wp\/v2\/types\/page"}],"author":[{"embeddable":true,"href":"http:\/\/osmo.pl\/projekty\/wp-json\/wp\/v2\/users\/1"}],"replies":[{"embeddable":true,"href":"http:\/\/osmo.pl\/projekty\/wp-json\/wp\/v2\/comments?post=96"}],"version-history":[{"count":11,"href":"http:\/\/osmo.pl\/projekty\/wp-json\/wp\/v2\/pages\/96\/revisions"}],"predecessor-version":[{"id":141,"href":"http:\/\/osmo.pl\/projekty\/wp-json\/wp\/v2\/pages\/96\/revisions\/141"}],"wp:attachment":[{"href":"http:\/\/osmo.pl\/projekty\/wp-json\/wp\/v2\/media?parent=96"}],"curies":[{"name":"wp","href":"https:\/\/api.w.org\/{rel}","templated":true}]}}